{"id":1039,"date":"2025-10-21T14:11:47","date_gmt":"2025-10-21T14:11:47","guid":{"rendered":"https:\/\/rechthaler-hof.de\/?page_id=1039"},"modified":"2025-10-27T11:38:41","modified_gmt":"2025-10-27T11:38:41","slug":"benvenuto","status":"publish","type":"page","link":"https:\/\/rechthaler-hof.de\/it\/","title":{"rendered":"Benvenuto"},"content":{"rendered":"\t\t<div data-elementor-type=\"wp-page\" data-elementor-id=\"1039\" class=\"elementor elementor-1039 elementor-28\" data-elementor-post-type=\"page\">\n\t\t\t\t\t\t<section class=\"elementor-section elementor-top-section elementor-element elementor-element-c65ec8a elementor-section-boxed elementor-section-height-default elementor-section-height-default\" data-id=\"c65ec8a\" data-element_type=\"section\">\n\t\t\t\t\t\t<div class=\"elementor-container elementor-column-gap-default\">\n\t\t\t\t\t<div class=\"elementor-column elementor-col-100 elementor-top-column elementor-element elementor-element-655e5b8\" data-id=\"655e5b8\" data-element_type=\"column\">\n\t\t\t<div class=\"elementor-widget-wrap elementor-element-populated\">\n\t\t\t\t\t\t<div class=\"elementor-element elementor-element-ebc2c8c elementor-headline--style-rotate elementor-hidden-tablet elementor-hidden-mobile elementor-widget elementor-widget-animated-headline\" data-id=\"ebc2c8c\" data-element_type=\"widget\" data-settings=\"{&quot;headline_style&quot;:&quot;rotate&quot;,&quot;animation_type&quot;:&quot;slide&quot;,&quot;rotating_text&quot;:&quot;Gr\\u00fc\\u00df Gott e benvenuti\\nWirtshaus Rechthaler Hof&quot;,&quot;rotate_iteration_delay&quot;:5000,&quot;loop&quot;:&quot;yes&quot;}\" data-widget_type=\"animated-headline.default\">\n\t\t\t\t<div class=\"elementor-widget-container\">\n\t\t\t\t\t\t\t<h4 class=\"elementor-headline elementor-headline-animation-type-slide\">\n\t\t\t\t<span class=\"elementor-headline-dynamic-wrapper elementor-headline-text-wrapper\">\n\t\t\t\t\t<span class=\"elementor-headline-dynamic-text elementor-headline-text-active\">\n\t\t\t\tGr\u00fc\u00df&nbsp;Gott&nbsp;e&nbsp;benvenuti\t\t\t<\/span>\n\t\t\t\t\t<span class=\"elementor-headline-dynamic-text\">\n\t\t\t\tWirtshaus&nbsp;Rechthaler&nbsp;Hof\t\t\t<\/span>\n\t\t\t\t\t\t<\/span>\n\t\t\t\t<\/h4>\n\t\t\t\t\t\t<\/div>\n\t\t\t\t<\/div>\n\t\t\t\t<div class=\"elementor-element elementor-element-24e0603 elementor-hidden-mobile elementor-widget elementor-widget-spacer\" data-id=\"24e0603\" data-element_type=\"widget\" data-widget_type=\"spacer.default\">\n\t\t\t\t<div class=\"elementor-widget-container\">\n\t\t\t\t\t\t\t<div class=\"elementor-spacer\">\n\t\t\t<div class=\"elementor-spacer-inner\"><\/div>\n\t\t<\/div>\n\t\t\t\t\t\t<\/div>\n\t\t\t\t<\/div>\n\t\t\t\t\t<\/div>\n\t\t<\/div>\n\t\t\t\t\t<\/div>\n\t\t<\/section>\n\t\t\t\t<section class=\"elementor-section elementor-top-section elementor-element elementor-element-8afc1ca elementor-section-boxed elementor-section-height-default elementor-section-height-default\" data-id=\"8afc1ca\" data-element_type=\"section\">\n\t\t\t\t\t\t<div class=\"elementor-container elementor-column-gap-default\">\n\t\t\t\t\t<div class=\"elementor-column elementor-col-50 elementor-top-column elementor-element elementor-element-8724569\" data-id=\"8724569\" data-element_type=\"column\">\n\t\t\t<div class=\"elementor-widget-wrap elementor-element-populated\">\n\t\t\t\t\t\t<div class=\"elementor-element elementor-element-e0507d5 elementor-widget elementor-widget-text-editor\" data-id=\"e0507d5\" data-element_type=\"widget\" data-widget_type=\"text-editor.default\">\n\t\t\t\t<div class=\"elementor-widget-container\">\n\t\t\t\t\t\t\t\t\t<p>Stai cercando la specialit\u00e0 del pranzo di oggi?<br data-start=\"60\" data-end=\"63\">Clicca qui per il nostro menu del pranzo: fresco, gustoso e servito rapidamente!<\/p>\t\t\t\t\t\t\t\t<\/div>\n\t\t\t\t<\/div>\n\t\t\t\t\t<\/div>\n\t\t<\/div>\n\t\t\t\t<div class=\"elementor-column elementor-col-50 elementor-top-column elementor-element elementor-element-92edafb\" data-id=\"92edafb\" data-element_type=\"column\">\n\t\t\t<div class=\"elementor-widget-wrap\">\n\t\t\t\t\t\t\t<\/div>\n\t\t<\/div>\n\t\t\t\t\t<\/div>\n\t\t<\/section>\n\t\t\t\t<section class=\"elementor-section elementor-top-section elementor-element elementor-element-5450dc8 elementor-section-boxed elementor-section-height-default elementor-section-height-default\" data-id=\"5450dc8\" data-element_type=\"section\">\n\t\t\t\t\t\t<div class=\"elementor-container elementor-column-gap-default\">\n\t\t\t\t\t<div class=\"elementor-column elementor-col-33 elementor-top-column elementor-element elementor-element-bd2ac22\" data-id=\"bd2ac22\" data-element_type=\"column\">\n\t\t\t<div class=\"elementor-widget-wrap elementor-element-populated\">\n\t\t\t\t\t\t<div class=\"elementor-element elementor-element-f8deb0e elementor-widget elementor-widget-gallery\" data-id=\"f8deb0e\" data-element_type=\"widget\" data-settings=\"{&quot;gallery_layout&quot;:&quot;justified&quot;,&quot;gap&quot;:{&quot;unit&quot;:&quot;px&quot;,&quot;size&quot;:15,&quot;sizes&quot;:[]},&quot;overlay_title&quot;:&quot;caption&quot;,&quot;lazyload&quot;:&quot;yes&quot;,&quot;ideal_row_height&quot;:{&quot;unit&quot;:&quot;px&quot;,&quot;size&quot;:200,&quot;sizes&quot;:[]},&quot;ideal_row_height_tablet&quot;:{&quot;unit&quot;:&quot;px&quot;,&quot;size&quot;:150,&quot;sizes&quot;:[]},&quot;ideal_row_height_mobile&quot;:{&quot;unit&quot;:&quot;px&quot;,&quot;size&quot;:150,&quot;sizes&quot;:[]},&quot;gap_tablet&quot;:{&quot;unit&quot;:&quot;px&quot;,&quot;size&quot;:10,&quot;sizes&quot;:[]},&quot;gap_mobile&quot;:{&quot;unit&quot;:&quot;px&quot;,&quot;size&quot;:10,&quot;sizes&quot;:[]},&quot;link_to&quot;:&quot;file&quot;,&quot;overlay_background&quot;:&quot;yes&quot;,&quot;content_hover_animation&quot;:&quot;fade-in&quot;}\" data-widget_type=\"gallery.default\">\n\t\t\t\t<div class=\"elementor-widget-container\">\n\t\t\t\t\t\t\t<div class=\"elementor-gallery__container\">\n\t\t\t\t\t\t\t<a class=\"e-gallery-item elementor-gallery-item elementor-animated-content\" href=\"https:\/\/rechthaler-hof.de\/wp-content\/uploads\/2021\/10\/Rechthaler_Hof_Foto-8-scaled.jpg\" data-elementor-open-lightbox=\"yes\" data-elementor-lightbox-slideshow=\"f8deb0e\" data-elementor-lightbox-title=\"Wirtshaus Rechthaler Hof\" data-e-action-hash=\"#elementor-action%3Aaction%3Dlightbox%26settings%3DeyJpZCI6MTA1OSwidXJsIjoiaHR0cHM6XC9cL3JlY2h0aGFsZXItaG9mLmRlXC93cC1jb250ZW50XC91cGxvYWRzXC8yMDIxXC8xMFwvUmVjaHRoYWxlcl9Ib2ZfRm90by04LXNjYWxlZC5qcGciLCJzbGlkZXNob3ciOiJmOGRlYjBlIn0%3D\">\n\t\t\t\t\t<div class=\"e-gallery-image elementor-gallery-item__image\" data-thumbnail=\"https:\/\/rechthaler-hof.de\/wp-content\/uploads\/2021\/10\/Rechthaler_Hof_Foto-8-1024x683.jpg\" data-width=\"800\" data-height=\"534\" aria-label=\"\" role=\"img\" ><\/div>\n\t\t\t\t\t\t\t\t\t\t\t<div class=\"elementor-gallery-item__overlay\"><\/div>\n\t\t\t\t\t\t\t\t\t\t\t\t\t\t\t<div class=\"elementor-gallery-item__content\">\n\t\t\t\t\t\t\t\t\t\t\t\t\t\t<div class=\"elementor-gallery-item__title\">\n\t\t\t\t\t\t\t\t\t\t\t\t\t\t\t\t\t\tFeier-Brettl\t\t\t\t\t\t\t\t<\/div>\n\t\t\t\t\t\t\t\t\t\t\t\t<\/div>\n\t\t\t\t\t\t\t\t\t<\/a>\n\t\t\t\t\t\t\t<a class=\"e-gallery-item elementor-gallery-item elementor-animated-content\" href=\"https:\/\/rechthaler-hof.de\/wp-content\/uploads\/2021\/10\/Rechthaler_Hof_Foto-10-scaled.jpg\" data-elementor-open-lightbox=\"yes\" data-elementor-lightbox-slideshow=\"f8deb0e\" data-elementor-lightbox-title=\"Wirtshaus Rechthaler Hof\" data-e-action-hash=\"#elementor-action%3Aaction%3Dlightbox%26settings%3DeyJpZCI6MTA1MywidXJsIjoiaHR0cHM6XC9cL3JlY2h0aGFsZXItaG9mLmRlXC93cC1jb250ZW50XC91cGxvYWRzXC8yMDIxXC8xMFwvUmVjaHRoYWxlcl9Ib2ZfRm90by0xMC1zY2FsZWQuanBnIiwic2xpZGVzaG93IjoiZjhkZWIwZSJ9\">\n\t\t\t\t\t<div class=\"e-gallery-image elementor-gallery-item__image\" data-thumbnail=\"https:\/\/rechthaler-hof.de\/wp-content\/uploads\/2021\/10\/Rechthaler_Hof_Foto-10-1024x683.jpg\" data-width=\"800\" data-height=\"534\" aria-label=\"\" role=\"img\" ><\/div>\n\t\t\t\t\t\t\t\t\t\t\t<div class=\"elementor-gallery-item__overlay\"><\/div>\n\t\t\t\t\t\t\t\t\t\t\t\t\t\t\t<div class=\"elementor-gallery-item__content\">\n\t\t\t\t\t\t\t\t\t\t\t\t\t\t<div class=\"elementor-gallery-item__title\">\n\t\t\t\t\t\t\t\t\t\t\t\t\t\t\t\t\t\tWirtshaus Burger\t\t\t\t\t\t\t\t<\/div>\n\t\t\t\t\t\t\t\t\t\t\t\t<\/div>\n\t\t\t\t\t\t\t\t\t<\/a>\n\t\t\t\t\t<\/div>\n\t\t\t\t\t<\/div>\n\t\t\t\t<\/div>\n\t\t\t\t\t<\/div>\n\t\t<\/div>\n\t\t\t\t<div class=\"elementor-column elementor-col-33 elementor-top-column elementor-element elementor-element-fc81bc2\" data-id=\"fc81bc2\" data-element_type=\"column\">\n\t\t\t<div class=\"elementor-widget-wrap elementor-element-populated\">\n\t\t\t\t\t\t<div class=\"elementor-element elementor-element-d35c17a elementor-widget elementor-widget-image\" data-id=\"d35c17a\" data-element_type=\"widget\" data-widget_type=\"image.default\">\n\t\t\t\t<div class=\"elementor-widget-container\">\n\t\t\t\t\t\t\t\t\t\t\t\t\t\t\t\t<a href=\"https:\/\/rechthaler-hof.de\/wp-content\/uploads\/2025\/10\/Speisekarte-Rechthaler-Hof_IT-250923-0002-scaled.jpg\" data-elementor-open-lightbox=\"yes\" data-elementor-lightbox-title=\"Speisekarte Rechthaler Hof_IT 250923-0002\" data-e-action-hash=\"#elementor-action%3Aaction%3Dlightbox%26settings%3DeyJpZCI6MTYwNiwidXJsIjoiaHR0cHM6XC9cL3JlY2h0aGFsZXItaG9mLmRlXC93cC1jb250ZW50XC91cGxvYWRzXC8yMDI1XC8xMFwvU3BlaXNla2FydGUtUmVjaHRoYWxlci1Ib2ZfSVQtMjUwOTIzLTAwMDItc2NhbGVkLmpwZyJ9\">\n\t\t\t\t\t\t\t<img fetchpriority=\"high\" decoding=\"async\" width=\"1810\" height=\"2560\" src=\"https:\/\/rechthaler-hof.de\/wp-content\/uploads\/2025\/10\/Speisekarte-Rechthaler-Hof_IT-250923-0002-scaled.jpg\" class=\"attachment-full size-full wp-image-1606\" alt=\"\" srcset=\"https:\/\/rechthaler-hof.de\/wp-content\/uploads\/2025\/10\/Speisekarte-Rechthaler-Hof_IT-250923-0002-scaled.jpg 1810w, https:\/\/rechthaler-hof.de\/wp-content\/uploads\/2025\/10\/Speisekarte-Rechthaler-Hof_IT-250923-0002-212x300.jpg 212w, https:\/\/rechthaler-hof.de\/wp-content\/uploads\/2025\/10\/Speisekarte-Rechthaler-Hof_IT-250923-0002-724x1024.jpg 724w, https:\/\/rechthaler-hof.de\/wp-content\/uploads\/2025\/10\/Speisekarte-Rechthaler-Hof_IT-250923-0002-768x1086.jpg 768w, https:\/\/rechthaler-hof.de\/wp-content\/uploads\/2025\/10\/Speisekarte-Rechthaler-Hof_IT-250923-0002-1086x1536.jpg 1086w, https:\/\/rechthaler-hof.de\/wp-content\/uploads\/2025\/10\/Speisekarte-Rechthaler-Hof_IT-250923-0002-1448x2048.jpg 1448w\" sizes=\"(max-width: 1810px) 100vw, 1810px\" \/>\t\t\t\t\t\t\t\t<\/a>\n\t\t\t\t\t\t\t\t\t\t\t\t\t\t\t<\/div>\n\t\t\t\t<\/div>\n\t\t\t\t\t<\/div>\n\t\t<\/div>\n\t\t\t\t<div class=\"elementor-column elementor-col-33 elementor-top-column elementor-element elementor-element-f4fe776\" data-id=\"f4fe776\" data-element_type=\"column\">\n\t\t\t<div class=\"elementor-widget-wrap elementor-element-populated\">\n\t\t\t\t\t\t<div class=\"elementor-element elementor-element-e451fc3 elementor-widget elementor-widget-image\" data-id=\"e451fc3\" data-element_type=\"widget\" data-widget_type=\"image.default\">\n\t\t\t\t<div class=\"elementor-widget-container\">\n\t\t\t\t\t\t\t\t\t\t\t\t\t\t\t\t<a href=\"https:\/\/rechthaler-hof.de\/wp-content\/uploads\/2025\/10\/Speisekarte-Rechthaler-Hof_IT-250923-0001-scaled.jpg\" data-elementor-open-lightbox=\"yes\" data-elementor-lightbox-title=\"Speisekarte Rechthaler Hof_IT 250923-0001\" data-e-action-hash=\"#elementor-action%3Aaction%3Dlightbox%26settings%3DeyJpZCI6MTYxMiwidXJsIjoiaHR0cHM6XC9cL3JlY2h0aGFsZXItaG9mLmRlXC93cC1jb250ZW50XC91cGxvYWRzXC8yMDI1XC8xMFwvU3BlaXNla2FydGUtUmVjaHRoYWxlci1Ib2ZfSVQtMjUwOTIzLTAwMDEtc2NhbGVkLmpwZyJ9\">\n\t\t\t\t\t\t\t<img decoding=\"async\" width=\"1810\" height=\"2560\" src=\"https:\/\/rechthaler-hof.de\/wp-content\/uploads\/2025\/10\/Speisekarte-Rechthaler-Hof_IT-250923-0001-scaled.jpg\" class=\"attachment-full size-full wp-image-1612\" alt=\"\" srcset=\"https:\/\/rechthaler-hof.de\/wp-content\/uploads\/2025\/10\/Speisekarte-Rechthaler-Hof_IT-250923-0001-scaled.jpg 1810w, https:\/\/rechthaler-hof.de\/wp-content\/uploads\/2025\/10\/Speisekarte-Rechthaler-Hof_IT-250923-0001-212x300.jpg 212w, https:\/\/rechthaler-hof.de\/wp-content\/uploads\/2025\/10\/Speisekarte-Rechthaler-Hof_IT-250923-0001-724x1024.jpg 724w, https:\/\/rechthaler-hof.de\/wp-content\/uploads\/2025\/10\/Speisekarte-Rechthaler-Hof_IT-250923-0001-768x1086.jpg 768w, https:\/\/rechthaler-hof.de\/wp-content\/uploads\/2025\/10\/Speisekarte-Rechthaler-Hof_IT-250923-0001-1086x1536.jpg 1086w, https:\/\/rechthaler-hof.de\/wp-content\/uploads\/2025\/10\/Speisekarte-Rechthaler-Hof_IT-250923-0001-1448x2048.jpg 1448w\" sizes=\"(max-width: 1810px) 100vw, 1810px\" \/>\t\t\t\t\t\t\t\t<\/a>\n\t\t\t\t\t\t\t\t\t\t\t\t\t\t\t<\/div>\n\t\t\t\t<\/div>\n\t\t\t\t\t<\/div>\n\t\t<\/div>\n\t\t\t\t\t<\/div>\n\t\t<\/section>\n\t\t\t\t<section class=\"elementor-section elementor-top-section elementor-element elementor-element-51ce744 elementor-section-boxed elementor-section-height-default elementor-section-height-default\" data-id=\"51ce744\" data-element_type=\"section\">\n\t\t\t\t\t\t<div class=\"elementor-container elementor-column-gap-default\">\n\t\t\t\t\t<div class=\"elementor-column elementor-col-33 elementor-top-column elementor-element elementor-element-86e21c1\" data-id=\"86e21c1\" data-element_type=\"column\">\n\t\t\t<div class=\"elementor-widget-wrap\">\n\t\t\t\t\t\t\t<\/div>\n\t\t<\/div>\n\t\t\t\t<div class=\"elementor-column elementor-col-33 elementor-top-column elementor-element elementor-element-e30a95d\" data-id=\"e30a95d\" data-element_type=\"column\">\n\t\t\t<div class=\"elementor-widget-wrap elementor-element-populated\">\n\t\t\t\t\t\t<div class=\"elementor-element elementor-element-0d5fc86 elementor-align-center elementor-widget elementor-widget-button\" data-id=\"0d5fc86\" data-element_type=\"widget\" data-widget_type=\"button.default\">\n\t\t\t\t<div class=\"elementor-widget-container\">\n\t\t\t\t\t\t\t\t\t<div class=\"elementor-button-wrapper\">\n\t\t\t\t\t<a class=\"elementor-button elementor-button-link elementor-size-sm\" href=\"https:\/\/rechthaler-hof.de\/wp-content\/uploads\/2025\/10\/Speisekarte-Rechthaler-Hof_IT.pdf\">\n\t\t\t\t\t\t<span class=\"elementor-button-content-wrapper\">\n\t\t\t\t\t\t<span class=\"elementor-button-icon\">\n\t\t\t\t<svg aria-hidden=\"true\" class=\"e-font-icon-svg e-far-file-pdf\" viewBox=\"0 0 384 512\" xmlns=\"http:\/\/www.w3.org\/2000\/svg\"><path d=\"M369.9 97.9L286 14C277 5 264.8-.1 252.1-.1H48C21.5 0 0 21.5 0 48v416c0 26.5 21.5 48 48 48h288c26.5 0 48-21.5 48-48V131.9c0-12.7-5.1-25-14.1-34zM332.1 128H256V51.9l76.1 76.1zM48 464V48h160v104c0 13.3 10.7 24 24 24h104v288H48zm250.2-143.7c-12.2-12-47-8.7-64.4-6.5-17.2-10.5-28.7-25-36.8-46.3 3.9-16.1 10.1-40.6 5.4-56-4.2-26.2-37.8-23.6-42.6-5.9-4.4 16.1-.4 38.5 7 67.1-10 23.9-24.9 56-35.4 74.4-20 10.3-47 26.2-51 46.2-3.3 15.8 26 55.2 76.1-31.2 22.4-7.4 46.8-16.5 68.4-20.1 18.9 10.2 41 17 55.8 17 25.5 0 28-28.2 17.5-38.7zm-198.1 77.8c5.1-13.7 24.5-29.5 30.4-35-19 30.3-30.4 35.7-30.4 35zm81.6-190.6c7.4 0 6.7 32.1 1.8 40.8-4.4-13.9-4.3-40.8-1.8-40.8zm-24.4 136.6c9.7-16.9 18-37 24.7-54.7 8.3 15.1 18.9 27.2 30.1 35.5-20.8 4.3-38.9 13.1-54.8 19.2zm131.6-5s-5 6-37.3-7.8c35.1-2.6 40.9 5.4 37.3 7.8z\"><\/path><\/svg>\t\t\t<\/span>\n\t\t\t\t\t\t\t\t\t<span class=\"elementor-button-text\">Menu in PDF<\/span>\n\t\t\t\t\t<\/span>\n\t\t\t\t\t<\/a>\n\t\t\t\t<\/div>\n\t\t\t\t\t\t\t\t<\/div>\n\t\t\t\t<\/div>\n\t\t\t\t\t<\/div>\n\t\t<\/div>\n\t\t\t\t<div class=\"elementor-column elementor-col-33 elementor-top-column elementor-element elementor-element-02d1b02\" data-id=\"02d1b02\" data-element_type=\"column\">\n\t\t\t<div class=\"elementor-widget-wrap\">\n\t\t\t\t\t\t\t<\/div>\n\t\t<\/div>\n\t\t\t\t\t<\/div>\n\t\t<\/section>\n\t\t\t\t<section class=\"elementor-section elementor-top-section elementor-element elementor-element-a0123b9 elementor-section-boxed elementor-section-height-default elementor-section-height-default\" data-id=\"a0123b9\" data-element_type=\"section\">\n\t\t\t\t\t\t<div class=\"elementor-container elementor-column-gap-default\">\n\t\t\t\t\t<div class=\"elementor-column elementor-col-100 elementor-top-column elementor-element elementor-element-b358909\" data-id=\"b358909\" data-element_type=\"column\">\n\t\t\t<div class=\"elementor-widget-wrap elementor-element-populated\">\n\t\t\t\t\t\t<div class=\"elementor-element elementor-element-652a620 elementor-widget elementor-widget-spacer\" data-id=\"652a620\" data-element_type=\"widget\" data-widget_type=\"spacer.default\">\n\t\t\t\t<div class=\"elementor-widget-container\">\n\t\t\t\t\t\t\t<div class=\"elementor-spacer\">\n\t\t\t<div class=\"elementor-spacer-inner\"><\/div>\n\t\t<\/div>\n\t\t\t\t\t\t<\/div>\n\t\t\t\t<\/div>\n\t\t\t\t<div class=\"elementor-element elementor-element-f398b84 elementor-widget elementor-widget-google_maps\" data-id=\"f398b84\" data-element_type=\"widget\" data-widget_type=\"google_maps.default\">\n\t\t\t\t<div class=\"elementor-widget-container\">\n\t\t\t\t\t\t\t<div class=\"elementor-custom-embed\">\n\t\t\t<iframe loading=\"lazy\"\n\t\t\t\t\tsrc=\"https:\/\/maps.google.com\/maps?q=Wirtshaus%20Rechthaler%20Hof%2C%2080335%20M%C3%BCnchen&#038;t=m&#038;z=16&#038;output=embed&#038;iwloc=near\"\n\t\t\t\t\ttitle=\"Wirtshaus Rechthaler Hof, 80335 M\u00fcnchen\"\n\t\t\t\t\taria-label=\"Wirtshaus Rechthaler Hof, 80335 M\u00fcnchen\"\n\t\t\t><\/iframe>\n\t\t<\/div>\n\t\t\t\t\t\t<\/div>\n\t\t\t\t<\/div>\n\t\t\t\t\t<\/div>\n\t\t<\/div>\n\t\t\t\t\t<\/div>\n\t\t<\/section>\n\t\t\t\t<\/div>\n\t\t","protected":false},"excerpt":{"rendered":"<p>Gr\u00fc\u00df&nbsp;Gott&nbsp;e&nbsp;benvenuti Wirtshaus&nbsp;Rechthaler&nbsp;Hof Stai cercando la specialit\u00e0 del pranzo di oggi?Clicca qui per il nostro menu del pranzo: fresco, gustoso e servito rapidamente! Feier-Brettl Wirtshaus Burger Menu in PDF Stai visualizzando un contenuto segnaposto da Google Maps. Per accedere al contenuto effettivo, clicca sul pulsante sottostante. Si prega di notare che in questo modo si condividono [&hellip;]<\/p>\n","protected":false},"author":1,"featured_media":0,"parent":0,"menu_order":0,"comment_status":"closed","ping_status":"closed","template":"elementor_theme","meta":{"footnotes":""},"class_list":["post-1039","page","type-page","status-publish","hentry"],"_links":{"self":[{"href":"https:\/\/rechthaler-hof.de\/it\/wp-json\/wp\/v2\/pages\/1039","targetHints":{"allow":["GET"]}}],"collection":[{"href":"https:\/\/rechthaler-hof.de\/it\/wp-json\/wp\/v2\/pages"}],"about":[{"href":"https:\/\/rechthaler-hof.de\/it\/wp-json\/wp\/v2\/types\/page"}],"author":[{"embeddable":true,"href":"https:\/\/rechthaler-hof.de\/it\/wp-json\/wp\/v2\/users\/1"}],"replies":[{"embeddable":true,"href":"https:\/\/rechthaler-hof.de\/it\/wp-json\/wp\/v2\/comments?post=1039"}],"version-history":[{"count":10,"href":"https:\/\/rechthaler-hof.de\/it\/wp-json\/wp\/v2\/pages\/1039\/revisions"}],"predecessor-version":[{"id":1744,"href":"https:\/\/rechthaler-hof.de\/it\/wp-json\/wp\/v2\/pages\/1039\/revisions\/1744"}],"wp:attachment":[{"href":"https:\/\/rechthaler-hof.de\/it\/wp-json\/wp\/v2\/media?parent=1039"}],"curies":[{"name":"wp","href":"https:\/\/api.w.org\/{rel}","templated":true}]}}