{"id":1586,"date":"2025-10-27T11:47:24","date_gmt":"2025-10-27T11:47:24","guid":{"rendered":"https:\/\/rechthaler-hof.de\/?page_id=1586"},"modified":"2025-10-27T11:47:30","modified_gmt":"2025-10-27T11:47:30","slug":"reservar","status":"publish","type":"page","link":"https:\/\/rechthaler-hof.de\/es\/reservar\/","title":{"rendered":"Reservar"},"content":{"rendered":"\t\t<div data-elementor-type=\"wp-page\" data-elementor-id=\"1586\" class=\"elementor elementor-1586 elementor-646\" data-elementor-post-type=\"page\">\n\t\t\t\t\t\t<section class=\"elementor-section elementor-top-section elementor-element elementor-element-c65ec8a elementor-section-boxed elementor-section-height-default elementor-section-height-default\" data-id=\"c65ec8a\" data-element_type=\"section\">\n\t\t\t\t\t\t<div class=\"elementor-container elementor-column-gap-default\">\n\t\t\t\t\t<div class=\"elementor-column elementor-col-100 elementor-top-column elementor-element elementor-element-2efd7b7\" data-id=\"2efd7b7\" data-element_type=\"column\">\n\t\t\t<div class=\"elementor-widget-wrap elementor-element-populated\">\n\t\t\t\t\t\t<div class=\"elementor-element elementor-element-c80f905 elementor-widget elementor-widget-heading\" data-id=\"c80f905\" data-element_type=\"widget\" data-widget_type=\"heading.default\">\n\t\t\t\t<div class=\"elementor-widget-container\">\n\t\t\t\t\t<h1 class=\"elementor-heading-title elementor-size-default\">Reservar mesa<\/h1>\t\t\t\t<\/div>\n\t\t\t\t<\/div>\n\t\t\t\t\t<\/div>\n\t\t<\/div>\n\t\t\t\t\t<\/div>\n\t\t<\/section>\n\t\t\t\t<section class=\"elementor-section elementor-top-section elementor-element elementor-element-68d9807 elementor-section-boxed elementor-section-height-default elementor-section-height-default\" data-id=\"68d9807\" data-element_type=\"section\">\n\t\t\t\t\t\t<div class=\"elementor-container elementor-column-gap-default\">\n\t\t\t\t\t<div class=\"elementor-column elementor-col-100 elementor-top-column elementor-element elementor-element-b79fc73\" data-id=\"b79fc73\" data-element_type=\"column\">\n\t\t\t<div class=\"elementor-widget-wrap elementor-element-populated\">\n\t\t\t\t\t\t<div class=\"elementor-element elementor-element-89f7978 elementor-widget elementor-widget-text-editor\" data-id=\"89f7978\" data-element_type=\"widget\" data-widget_type=\"text-editor.default\">\n\t\t\t\t<div class=\"elementor-widget-container\">\n\t\t\t\t\t\t\t\t\t<p>Estimado cliente:<\/p><p> <\/p><p>Puede reservar una mesa a trav\u00e9s de uno de nuestros socios. Si no lo desea, puede contactarnos por tel\u00e9fono o correo electr\u00f3nico en cualquier momento. Si desea reservar una mesa directamente, utilice el formulario de reserva previsto para ello. Muchas gracias.  <\/p>\t\t\t\t\t\t\t\t<\/div>\n\t\t\t\t<\/div>\n\t\t\t\t\t<\/div>\n\t\t<\/div>\n\t\t\t\t\t<\/div>\n\t\t<\/section>\n\t\t\t\t<section class=\"elementor-section elementor-top-section elementor-element elementor-element-5c5e30f elementor-section-boxed elementor-section-height-default elementor-section-height-default\" data-id=\"5c5e30f\" data-element_type=\"section\">\n\t\t\t\t\t\t<div class=\"elementor-container elementor-column-gap-default\">\n\t\t\t\t\t<div class=\"elementor-column elementor-col-100 elementor-top-column elementor-element elementor-element-02b325a\" data-id=\"02b325a\" data-element_type=\"column\">\n\t\t\t<div class=\"elementor-widget-wrap elementor-element-populated\">\n\t\t\t\t\t\t<div class=\"elementor-element elementor-element-d2694b5 elementor-align-right elementor-widget elementor-widget-button\" data-id=\"d2694b5\" data-element_type=\"widget\" data-widget_type=\"button.default\">\n\t\t\t\t<div class=\"elementor-widget-container\">\n\t\t\t\t\t\t\t\t\t<div class=\"elementor-button-wrapper\">\n\t\t\t\t\t<a class=\"elementor-button elementor-button-link elementor-size-sm\" href=\"https:\/\/rechthaler-hof.de\/kontakt\/\">\n\t\t\t\t\t\t<span class=\"elementor-button-content-wrapper\">\n\t\t\t\t\t\t<span class=\"elementor-button-icon\">\n\t\t\t\t<svg aria-hidden=\"true\" class=\"e-font-icon-svg e-fas-clipboard-list\" viewBox=\"0 0 384 512\" xmlns=\"http:\/\/www.w3.org\/2000\/svg\"><path d=\"M336 64h-80c0-35.3-28.7-64-64-64s-64 28.7-64 64H48C21.5 64 0 85.5 0 112v352c0 26.5 21.5 48 48 48h288c26.5 0 48-21.5 48-48V112c0-26.5-21.5-48-48-48zM96 424c-13.3 0-24-10.7-24-24s10.7-24 24-24 24 10.7 24 24-10.7 24-24 24zm0-96c-13.3 0-24-10.7-24-24s10.7-24 24-24 24 10.7 24 24-10.7 24-24 24zm0-96c-13.3 0-24-10.7-24-24s10.7-24 24-24 24 10.7 24 24-10.7 24-24 24zm96-192c13.3 0 24 10.7 24 24s-10.7 24-24 24-24-10.7-24-24 10.7-24 24-24zm128 368c0 4.4-3.6 8-8 8H168c-4.4 0-8-3.6-8-8v-16c0-4.4 3.6-8 8-8h144c4.4 0 8 3.6 8 8v16zm0-96c0 4.4-3.6 8-8 8H168c-4.4 0-8-3.6-8-8v-16c0-4.4 3.6-8 8-8h144c4.4 0 8 3.6 8 8v16zm0-96c0 4.4-3.6 8-8 8H168c-4.4 0-8-3.6-8-8v-16c0-4.4 3.6-8 8-8h144c4.4 0 8 3.6 8 8v16z\"><\/path><\/svg>\t\t\t<\/span>\n\t\t\t\t\t\t\t\t\t<span class=\"elementor-button-text\">Ir al formulario de contacto<\/span>\n\t\t\t\t\t<\/span>\n\t\t\t\t\t<\/a>\n\t\t\t\t<\/div>\n\t\t\t\t\t\t\t\t<\/div>\n\t\t\t\t<\/div>\n\t\t\t\t\t<\/div>\n\t\t<\/div>\n\t\t\t\t\t<\/div>\n\t\t<\/section>\n\t\t\t\t<section class=\"elementor-section elementor-top-section elementor-element elementor-element-8c47eb4 elementor-section-boxed elementor-section-height-default elementor-section-height-default\" data-id=\"8c47eb4\" data-element_type=\"section\">\n\t\t\t\t\t\t<div class=\"elementor-container elementor-column-gap-default\">\n\t\t\t\t\t<div class=\"elementor-column elementor-col-100 elementor-top-column elementor-element elementor-element-c62f4db\" data-id=\"c62f4db\" data-element_type=\"column\">\n\t\t\t<div class=\"elementor-widget-wrap elementor-element-populated\">\n\t\t\t\t\t\t<section class=\"elementor-section elementor-inner-section elementor-element elementor-element-752425e elementor-section-boxed elementor-section-height-default elementor-section-height-default\" data-id=\"752425e\" data-element_type=\"section\">\n\t\t\t\t\t\t<div class=\"elementor-container elementor-column-gap-default\">\n\t\t\t\t\t<div class=\"elementor-column elementor-col-33 elementor-inner-column elementor-element elementor-element-a26d361\" data-id=\"a26d361\" data-element_type=\"column\">\n\t\t\t<div class=\"elementor-widget-wrap elementor-element-populated\">\n\t\t\t\t\t\t<div class=\"elementor-element elementor-element-b0c6a31 elementor-widget elementor-widget-bdt-iframe\" data-id=\"b0c6a31\" data-element_type=\"widget\" data-widget_type=\"bdt-iframe.default\">\n\t\t\t\t<div class=\"elementor-widget-container\">\n\t\t\t\t\t        <div class=\"bdt-iframe\">\n        \t<iframe class=\"bdt-lazyload\" data-throttle=\"300\" data-threshold=\"100\" data-live=\"true\" data-src=\"https:\/\/rechthaler-hof.de\/wp-content\/uploads\/reservierung\/Opentable.html\" data-auto_height=\"false\" allowfullscreen=\"\"><\/iframe>\n        <\/div>\n\t\t\t\t\t\t<\/div>\n\t\t\t\t<\/div>\n\t\t\t\t\t<\/div>\n\t\t<\/div>\n\t\t\t\t<div class=\"elementor-column elementor-col-33 elementor-inner-column elementor-element elementor-element-3d20938\" data-id=\"3d20938\" data-element_type=\"column\">\n\t\t\t<div class=\"elementor-widget-wrap elementor-element-populated\">\n\t\t\t\t\t\t<div class=\"elementor-element elementor-element-97e1be7 elementor-widget elementor-widget-bdt-iframe\" data-id=\"97e1be7\" data-element_type=\"widget\" data-widget_type=\"bdt-iframe.default\">\n\t\t\t\t<div class=\"elementor-widget-container\">\n\t\t\t\t\t        <div class=\"bdt-iframe\">\n        \t<iframe class=\"bdt-lazyload\" data-throttle=\"300\" data-threshold=\"100\" data-live=\"true\" data-src=\"https:\/\/module.lafourchette.com\/de_DE\/module\/596885-64c45\" data-auto_height=\"false\" allowfullscreen=\"\"><\/iframe>\n        <\/div>\n\t\t\t\t\t\t<\/div>\n\t\t\t\t<\/div>\n\t\t\t\t\t<\/div>\n\t\t<\/div>\n\t\t\t\t<div class=\"elementor-column elementor-col-33 elementor-inner-column elementor-element elementor-element-5af9951\" data-id=\"5af9951\" data-element_type=\"column\">\n\t\t\t<div class=\"elementor-widget-wrap elementor-element-populated\">\n\t\t\t\t\t\t<div class=\"elementor-element elementor-element-3cc3796 elementor-widget elementor-widget-bdt-iframe\" data-id=\"3cc3796\" data-element_type=\"widget\" data-widget_type=\"bdt-iframe.default\">\n\t\t\t\t<div class=\"elementor-widget-container\">\n\t\t\t\t\t        <div class=\"bdt-iframe\">\n        \t<iframe class=\"bdt-lazyload\" data-throttle=\"300\" data-threshold=\"100\" data-live=\"true\" data-src=\"https:\/\/rechthaler-hof.de\/wp-content\/uploads\/reservierung\/Quandoo.html\" data-auto_height=\"false\" allowfullscreen=\"\"><\/iframe>\n        <\/div>\n\t\t\t\t\t\t<\/div>\n\t\t\t\t<\/div>\n\t\t\t\t\t<\/div>\n\t\t<\/div>\n\t\t\t\t\t<\/div>\n\t\t<\/section>\n\t\t\t\t<div class=\"elementor-element elementor-element-8c920f5 elementor-widget elementor-widget-spacer\" data-id=\"8c920f5\" data-element_type=\"widget\" data-widget_type=\"spacer.default\">\n\t\t\t\t<div class=\"elementor-widget-container\">\n\t\t\t\t\t\t\t<div class=\"elementor-spacer\">\n\t\t\t<div class=\"elementor-spacer-inner\"><\/div>\n\t\t<\/div>\n\t\t\t\t\t\t<\/div>\n\t\t\t\t<\/div>\n\t\t\t\t\t<\/div>\n\t\t<\/div>\n\t\t\t\t\t<\/div>\n\t\t<\/section>\n\t\t\t\t<\/div>\n\t\t","protected":false},"excerpt":{"rendered":"<p>Reservar mesa Estimado cliente: Puede reservar una mesa a trav\u00e9s de uno de nuestros socios. Si no lo desea, puede contactarnos por tel\u00e9fono o correo electr\u00f3nico en cualquier momento. Si desea reservar una mesa directamente, utilice el formulario de reserva previsto para ello. Muchas gracias. Ir al formulario de contacto Sie sehen gerade einen Platzhalterinhalt [&hellip;]<\/p>\n","protected":false},"author":1,"featured_media":0,"parent":0,"menu_order":0,"comment_status":"closed","ping_status":"closed","template":"elementor_theme","meta":{"footnotes":""},"class_list":["post-1586","page","type-page","status-publish","hentry"],"_links":{"self":[{"href":"https:\/\/rechthaler-hof.de\/es\/wp-json\/wp\/v2\/pages\/1586","targetHints":{"allow":["GET"]}}],"collection":[{"href":"https:\/\/rechthaler-hof.de\/es\/wp-json\/wp\/v2\/pages"}],"about":[{"href":"https:\/\/rechthaler-hof.de\/es\/wp-json\/wp\/v2\/types\/page"}],"author":[{"embeddable":true,"href":"https:\/\/rechthaler-hof.de\/es\/wp-json\/wp\/v2\/users\/1"}],"replies":[{"embeddable":true,"href":"https:\/\/rechthaler-hof.de\/es\/wp-json\/wp\/v2\/comments?post=1586"}],"version-history":[{"count":2,"href":"https:\/\/rechthaler-hof.de\/es\/wp-json\/wp\/v2\/pages\/1586\/revisions"}],"predecessor-version":[{"id":1763,"href":"https:\/\/rechthaler-hof.de\/es\/wp-json\/wp\/v2\/pages\/1586\/revisions\/1763"}],"wp:attachment":[{"href":"https:\/\/rechthaler-hof.de\/es\/wp-json\/wp\/v2\/media?parent=1586"}],"curies":[{"name":"wp","href":"https:\/\/api.w.org\/{rel}","templated":true}]}}