{"id":1248,"date":"2025-10-21T13:19:32","date_gmt":"2025-10-21T13:19:32","guid":{"rendered":"https:\/\/rechthaler-hof.de\/?page_id=1248"},"modified":"2025-10-27T12:35:39","modified_gmt":"2025-10-27T12:35:39","slug":"carta","status":"publish","type":"page","link":"https:\/\/rechthaler-hof.de\/es\/carta\/","title":{"rendered":"Carta"},"content":{"rendered":"\t\t<div data-elementor-type=\"wp-page\" data-elementor-id=\"1248\" class=\"elementor elementor-1248 elementor-246\" data-elementor-post-type=\"page\">\n\t\t\t\t\t\t<section class=\"elementor-section elementor-top-section elementor-element elementor-element-be075e3 elementor-section-boxed elementor-section-height-default elementor-section-height-default\" data-id=\"be075e3\" data-element_type=\"section\">\n\t\t\t\t\t\t<div class=\"elementor-container elementor-column-gap-default\">\n\t\t\t\t\t<div class=\"elementor-column elementor-col-66 elementor-top-column elementor-element elementor-element-54312c5\" data-id=\"54312c5\" data-element_type=\"column\">\n\t\t\t<div class=\"elementor-widget-wrap\">\n\t\t\t\t\t\t\t<\/div>\n\t\t<\/div>\n\t\t\t\t<div class=\"elementor-column elementor-col-33 elementor-top-column elementor-element elementor-element-10c3b7f\" data-id=\"10c3b7f\" data-element_type=\"column\">\n\t\t\t<div class=\"elementor-widget-wrap elementor-element-populated\">\n\t\t\t\t\t\t<div class=\"elementor-element elementor-element-c1f4c42 elementor-align-right elementor-widget elementor-widget-button\" data-id=\"c1f4c42\" data-element_type=\"widget\" data-widget_type=\"button.default\">\n\t\t\t\t<div class=\"elementor-widget-container\">\n\t\t\t\t\t\t\t\t\t<div class=\"elementor-button-wrapper\">\n\t\t\t\t\t<a class=\"elementor-button elementor-button-link elementor-size-sm\" href=\"https:\/\/rechthaler-hof.dhttps:\/\/rechthaler-hof.de\/wp-content\/uploads\/2025\/10\/Speisekarte-Rechthaler-Hof_ES.pdf\">\n\t\t\t\t\t\t<span class=\"elementor-button-content-wrapper\">\n\t\t\t\t\t\t<span class=\"elementor-button-icon\">\n\t\t\t\t<svg aria-hidden=\"true\" class=\"e-font-icon-svg e-far-file-pdf\" viewBox=\"0 0 384 512\" xmlns=\"http:\/\/www.w3.org\/2000\/svg\"><path d=\"M369.9 97.9L286 14C277 5 264.8-.1 252.1-.1H48C21.5 0 0 21.5 0 48v416c0 26.5 21.5 48 48 48h288c26.5 0 48-21.5 48-48V131.9c0-12.7-5.1-25-14.1-34zM332.1 128H256V51.9l76.1 76.1zM48 464V48h160v104c0 13.3 10.7 24 24 24h104v288H48zm250.2-143.7c-12.2-12-47-8.7-64.4-6.5-17.2-10.5-28.7-25-36.8-46.3 3.9-16.1 10.1-40.6 5.4-56-4.2-26.2-37.8-23.6-42.6-5.9-4.4 16.1-.4 38.5 7 67.1-10 23.9-24.9 56-35.4 74.4-20 10.3-47 26.2-51 46.2-3.3 15.8 26 55.2 76.1-31.2 22.4-7.4 46.8-16.5 68.4-20.1 18.9 10.2 41 17 55.8 17 25.5 0 28-28.2 17.5-38.7zm-198.1 77.8c5.1-13.7 24.5-29.5 30.4-35-19 30.3-30.4 35.7-30.4 35zm81.6-190.6c7.4 0 6.7 32.1 1.8 40.8-4.4-13.9-4.3-40.8-1.8-40.8zm-24.4 136.6c9.7-16.9 18-37 24.7-54.7 8.3 15.1 18.9 27.2 30.1 35.5-20.8 4.3-38.9 13.1-54.8 19.2zm131.6-5s-5 6-37.3-7.8c35.1-2.6 40.9 5.4 37.3 7.8z\"><\/path><\/svg>\t\t\t<\/span>\n\t\t\t\t\t\t\t\t\t<span class=\"elementor-button-text\">Carta como PDF<\/span>\n\t\t\t\t\t<\/span>\n\t\t\t\t\t<\/a>\n\t\t\t\t<\/div>\n\t\t\t\t\t\t\t\t<\/div>\n\t\t\t\t<\/div>\n\t\t\t\t\t<\/div>\n\t\t<\/div>\n\t\t\t\t\t<\/div>\n\t\t<\/section>\n\t\t\t\t<section class=\"elementor-section elementor-top-section elementor-element elementor-element-401278d elementor-section-boxed elementor-section-height-default elementor-section-height-default\" data-id=\"401278d\" data-element_type=\"section\">\n\t\t\t\t\t\t<div class=\"elementor-container elementor-column-gap-default\">\n\t\t\t\t\t<div class=\"elementor-column elementor-col-100 elementor-top-column elementor-element elementor-element-1c2cfee\" data-id=\"1c2cfee\" data-element_type=\"column\">\n\t\t\t<div class=\"elementor-widget-wrap elementor-element-populated\">\n\t\t\t\t\t\t<section class=\"elementor-section elementor-inner-section elementor-element elementor-element-7bfb5e1 elementor-section-boxed elementor-section-height-default elementor-section-height-default\" data-id=\"7bfb5e1\" data-element_type=\"section\">\n\t\t\t\t\t\t<div class=\"elementor-container elementor-column-gap-default\">\n\t\t\t\t\t<div class=\"elementor-column elementor-col-50 elementor-inner-column elementor-element elementor-element-b27e96e\" data-id=\"b27e96e\" data-element_type=\"column\">\n\t\t\t<div class=\"elementor-widget-wrap elementor-element-populated\">\n\t\t\t\t\t\t<div class=\"elementor-element elementor-element-995c070 elementor-widget elementor-widget-image\" data-id=\"995c070\" data-element_type=\"widget\" data-widget_type=\"image.default\">\n\t\t\t\t<div class=\"elementor-widget-container\">\n\t\t\t\t\t\t\t\t\t\t\t\t\t\t\t\t<a href=\"https:\/\/rechthaler-hof.de\/wp-content\/uploads\/2025\/10\/Speisekarte-Rechthaler-Hof_ES-250923-0001-scaled.jpg\" data-elementor-open-lightbox=\"yes\" data-elementor-lightbox-title=\"Speisekarte Rechthaler Hof_ES 250923-0001\" data-e-action-hash=\"#elementor-action%3Aaction%3Dlightbox%26settings%3DeyJpZCI6MTY5OCwidXJsIjoiaHR0cHM6XC9cL3JlY2h0aGFsZXItaG9mLmRlXC93cC1jb250ZW50XC91cGxvYWRzXC8yMDI1XC8xMFwvU3BlaXNla2FydGUtUmVjaHRoYWxlci1Ib2ZfRVMtMjUwOTIzLTAwMDEtc2NhbGVkLmpwZyJ9\">\n\t\t\t\t\t\t\t<img fetchpriority=\"high\" decoding=\"async\" width=\"1448\" height=\"2048\" src=\"https:\/\/rechthaler-hof.de\/wp-content\/uploads\/2025\/10\/Speisekarte-Rechthaler-Hof_ES-250923-0001-1448x2048.jpg\" class=\"attachment-2048x2048 size-2048x2048 wp-image-1698\" alt=\"\" srcset=\"https:\/\/rechthaler-hof.de\/wp-content\/uploads\/2025\/10\/Speisekarte-Rechthaler-Hof_ES-250923-0001-1448x2048.jpg 1448w, https:\/\/rechthaler-hof.de\/wp-content\/uploads\/2025\/10\/Speisekarte-Rechthaler-Hof_ES-250923-0001-212x300.jpg 212w, https:\/\/rechthaler-hof.de\/wp-content\/uploads\/2025\/10\/Speisekarte-Rechthaler-Hof_ES-250923-0001-724x1024.jpg 724w, https:\/\/rechthaler-hof.de\/wp-content\/uploads\/2025\/10\/Speisekarte-Rechthaler-Hof_ES-250923-0001-768x1086.jpg 768w, https:\/\/rechthaler-hof.de\/wp-content\/uploads\/2025\/10\/Speisekarte-Rechthaler-Hof_ES-250923-0001-1086x1536.jpg 1086w, https:\/\/rechthaler-hof.de\/wp-content\/uploads\/2025\/10\/Speisekarte-Rechthaler-Hof_ES-250923-0001-scaled.jpg 1810w\" sizes=\"(max-width: 1448px) 100vw, 1448px\" \/>\t\t\t\t\t\t\t\t<\/a>\n\t\t\t\t\t\t\t\t\t\t\t\t\t\t\t<\/div>\n\t\t\t\t<\/div>\n\t\t\t\t\t<\/div>\n\t\t<\/div>\n\t\t\t\t<div class=\"elementor-column elementor-col-50 elementor-inner-column elementor-element elementor-element-47c55d1\" data-id=\"47c55d1\" data-element_type=\"column\">\n\t\t\t<div class=\"elementor-widget-wrap elementor-element-populated\">\n\t\t\t\t\t\t<div class=\"elementor-element elementor-element-98925ef elementor-widget elementor-widget-image\" data-id=\"98925ef\" data-element_type=\"widget\" data-widget_type=\"image.default\">\n\t\t\t\t<div class=\"elementor-widget-container\">\n\t\t\t\t\t\t\t\t\t\t\t\t\t\t\t\t<a href=\"https:\/\/rechthaler-hof.de\/wp-content\/uploads\/2025\/10\/Speisekarte-Rechthaler-Hof_ES-250923-0002-scaled.jpg\" data-elementor-open-lightbox=\"yes\" data-elementor-lightbox-title=\"Speisekarte Rechthaler Hof_ES 250923-0002\" data-e-action-hash=\"#elementor-action%3Aaction%3Dlightbox%26settings%3DeyJpZCI6MTY5MiwidXJsIjoiaHR0cHM6XC9cL3JlY2h0aGFsZXItaG9mLmRlXC93cC1jb250ZW50XC91cGxvYWRzXC8yMDI1XC8xMFwvU3BlaXNla2FydGUtUmVjaHRoYWxlci1Ib2ZfRVMtMjUwOTIzLTAwMDItc2NhbGVkLmpwZyJ9\">\n\t\t\t\t\t\t\t<img decoding=\"async\" width=\"1448\" height=\"2048\" src=\"https:\/\/rechthaler-hof.de\/wp-content\/uploads\/2025\/10\/Speisekarte-Rechthaler-Hof_ES-250923-0002-1448x2048.jpg\" class=\"attachment-2048x2048 size-2048x2048 wp-image-1692\" alt=\"\" srcset=\"https:\/\/rechthaler-hof.de\/wp-content\/uploads\/2025\/10\/Speisekarte-Rechthaler-Hof_ES-250923-0002-1448x2048.jpg 1448w, https:\/\/rechthaler-hof.de\/wp-content\/uploads\/2025\/10\/Speisekarte-Rechthaler-Hof_ES-250923-0002-212x300.jpg 212w, https:\/\/rechthaler-hof.de\/wp-content\/uploads\/2025\/10\/Speisekarte-Rechthaler-Hof_ES-250923-0002-724x1024.jpg 724w, https:\/\/rechthaler-hof.de\/wp-content\/uploads\/2025\/10\/Speisekarte-Rechthaler-Hof_ES-250923-0002-768x1086.jpg 768w, https:\/\/rechthaler-hof.de\/wp-content\/uploads\/2025\/10\/Speisekarte-Rechthaler-Hof_ES-250923-0002-1086x1536.jpg 1086w, https:\/\/rechthaler-hof.de\/wp-content\/uploads\/2025\/10\/Speisekarte-Rechthaler-Hof_ES-250923-0002-scaled.jpg 1810w\" sizes=\"(max-width: 1448px) 100vw, 1448px\" \/>\t\t\t\t\t\t\t\t<\/a>\n\t\t\t\t\t\t\t\t\t\t\t\t\t\t\t<\/div>\n\t\t\t\t<\/div>\n\t\t\t\t\t<\/div>\n\t\t<\/div>\n\t\t\t\t\t<\/div>\n\t\t<\/section>\n\t\t\t\t\t<\/div>\n\t\t<\/div>\n\t\t\t\t\t<\/div>\n\t\t<\/section>\n\t\t\t\t<section class=\"elementor-section elementor-top-section elementor-element elementor-element-51ce744 elementor-section-boxed elementor-section-height-default elementor-section-height-default\" data-id=\"51ce744\" data-element_type=\"section\">\n\t\t\t\t\t\t<div class=\"elementor-container elementor-column-gap-default\">\n\t\t\t\t\t<div class=\"elementor-column elementor-col-100 elementor-top-column elementor-element elementor-element-86e21c1\" data-id=\"86e21c1\" data-element_type=\"column\">\n\t\t\t<div class=\"elementor-widget-wrap elementor-element-populated\">\n\t\t\t\t\t\t<div class=\"elementor-element elementor-element-99df565 elementor-widget elementor-widget-spacer\" data-id=\"99df565\" data-element_type=\"widget\" data-widget_type=\"spacer.default\">\n\t\t\t\t<div class=\"elementor-widget-container\">\n\t\t\t\t\t\t\t<div class=\"elementor-spacer\">\n\t\t\t<div class=\"elementor-spacer-inner\"><\/div>\n\t\t<\/div>\n\t\t\t\t\t\t<\/div>\n\t\t\t\t<\/div>\n\t\t\t\t\t<\/div>\n\t\t<\/div>\n\t\t\t\t\t<\/div>\n\t\t<\/section>\n\t\t\t\t<section class=\"elementor-section elementor-top-section elementor-element elementor-element-a0123b9 elementor-section-boxed elementor-section-height-default elementor-section-height-default\" data-id=\"a0123b9\" data-element_type=\"section\">\n\t\t\t\t\t\t<div class=\"elementor-container elementor-column-gap-default\">\n\t\t\t\t\t<div class=\"elementor-column elementor-col-100 elementor-top-column elementor-element elementor-element-b358909\" data-id=\"b358909\" data-element_type=\"column\">\n\t\t\t<div class=\"elementor-widget-wrap elementor-element-populated\">\n\t\t\t\t\t\t<div class=\"elementor-element elementor-element-f398b84 elementor-widget elementor-widget-google_maps\" data-id=\"f398b84\" data-element_type=\"widget\" data-widget_type=\"google_maps.default\">\n\t\t\t\t<div class=\"elementor-widget-container\">\n\t\t\t\t\t\t\t<div class=\"elementor-custom-embed\">\n\t\t\t<iframe loading=\"lazy\"\n\t\t\t\t\tsrc=\"https:\/\/maps.google.com\/maps?q=Wirtshaus%20Rechthaler%20Hof%2C%2080335%20M%C3%BCnchen&#038;t=m&#038;z=16&#038;output=embed&#038;iwloc=near\"\n\t\t\t\t\ttitle=\"Wirtshaus Rechthaler Hof, 80335 M\u00fcnchen\"\n\t\t\t\t\taria-label=\"Wirtshaus Rechthaler Hof, 80335 M\u00fcnchen\"\n\t\t\t><\/iframe>\n\t\t<\/div>\n\t\t\t\t\t\t<\/div>\n\t\t\t\t<\/div>\n\t\t\t\t\t<\/div>\n\t\t<\/div>\n\t\t\t\t\t<\/div>\n\t\t<\/section>\n\t\t\t\t<\/div>\n\t\t","protected":false},"excerpt":{"rendered":"<p>Carta como PDF Est\u00e1s viendo un contenido de marcador de posici\u00f3n de Google Maps. Para acceder al contenido real, haz clic en el siguiente bot\u00f3n. Ten en cuenta que al hacerlo compartir\u00e1s datos con terceros proveedores. M\u00e1s informaci\u00f3n Desbloquear contenido Aceptar el servicio requerido y desbloquear los contenidos<\/p>\n","protected":false},"author":1,"featured_media":0,"parent":0,"menu_order":0,"comment_status":"closed","ping_status":"closed","template":"elementor_theme","meta":{"footnotes":""},"class_list":["post-1248","page","type-page","status-publish","hentry"],"_links":{"self":[{"href":"https:\/\/rechthaler-hof.de\/es\/wp-json\/wp\/v2\/pages\/1248","targetHints":{"allow":["GET"]}}],"collection":[{"href":"https:\/\/rechthaler-hof.de\/es\/wp-json\/wp\/v2\/pages"}],"about":[{"href":"https:\/\/rechthaler-hof.de\/es\/wp-json\/wp\/v2\/types\/page"}],"author":[{"embeddable":true,"href":"https:\/\/rechthaler-hof.de\/es\/wp-json\/wp\/v2\/users\/1"}],"replies":[{"embeddable":true,"href":"https:\/\/rechthaler-hof.de\/es\/wp-json\/wp\/v2\/comments?post=1248"}],"version-history":[{"count":9,"href":"https:\/\/rechthaler-hof.de\/es\/wp-json\/wp\/v2\/pages\/1248\/revisions"}],"predecessor-version":[{"id":1800,"href":"https:\/\/rechthaler-hof.de\/es\/wp-json\/wp\/v2\/pages\/1248\/revisions\/1800"}],"wp:attachment":[{"href":"https:\/\/rechthaler-hof.de\/es\/wp-json\/wp\/v2\/media?parent=1248"}],"curies":[{"name":"wp","href":"https:\/\/api.w.org\/{rel}","templated":true}]}}